{"id":69,"date":"2020-01-27T08:05:29","date_gmt":"2020-01-27T08:05:29","guid":{"rendered":"https:\/\/demosites.io\/marketing-agency-gb\/?page_id=69"},"modified":"2025-04-22T08:18:26","modified_gmt":"2025-04-22T08:18:26","slug":"serveis","status":"publish","type":"page","link":"https:\/\/www.gtpaq.com\/es\/serveis\/","title":{"rendered":"SERVEIS"},"content":{"rendered":"<style>.wp-block-kadence-spacer.kt-block-spacer-69_7f2177-ee .kt-block-spacer{height:263px;}.wp-block-kadence-spacer.kt-block-spacer-69_7f2177-ee .kt-divider{border-top-width:1px;height:1px;border-top-color:#eee;width:80%;border-top-style:solid;}<\/style>\n<div class=\"wp-block-kadence-spacer alignfull kt-block-spacer-69_7f2177-ee\"><div class=\"kt-block-spacer kt-block-spacer-halign-center\"><hr class=\"kt-divider\"\/><\/div><\/div>\n\n\n<style>.kb-row-layout-id69_f6af7c-b6 > .kt-row-column-wrap{align-content:start;}:where(.kb-row-layout-id69_f6af7c-b6 > .kt-row-column-wrap) > .wp-block-kadence-column{justify-content:start;}.kb-row-layout-id69_f6af7c-b6 > .kt-row-column-wrap{column-gap:var(--global-kb-gap-md, 2rem);row-gap:var(--global-kb-gap-md, 2rem);padding-top:var(--global-kb-spacing-xs, 1rem);padding-bottom:var(--global-kb-spacing-xxl, 5rem);}.kb-row-layout-id69_f6af7c-b6 > .kt-row-column-wrap > div:not(.added-for-specificity){grid-column:initial;}.kb-row-layout-id69_f6af7c-b6 > .kt-row-column-wrap{grid-template-columns:repeat(3, minmax(0, 1fr));}.kb-row-layout-id69_f6af7c-b6 > .kt-row-layout-overlay{opacity:0.30;}@media all and (max-width: 1024px){.kb-row-layout-id69_f6af7c-b6 > .kt-row-column-wrap > div:not(.added-for-specificity){grid-column:initial;}}@media all and (max-width: 1024px){.kb-row-layout-id69_f6af7c-b6 > .kt-row-column-wrap{grid-template-columns:repeat(3, minmax(0, 1fr));}}@media all and (max-width: 767px){.kb-row-layout-id69_f6af7c-b6 > .kt-row-column-wrap > div:not(.added-for-specificity){grid-column:initial;}.kb-row-layout-id69_f6af7c-b6 > .kt-row-column-wrap{grid-template-columns:minmax(0, 1fr);}}<\/style><div class=\"kb-row-layout-wrap kb-row-layout-id69_f6af7c-b6 alignnone wp-block-kadence-rowlayout\"><div class=\"kt-row-column-wrap kt-has-3-columns kt-row-layout-equal kt-tab-layout-inherit kt-mobile-layout-row kt-row-valign-top\">\n<style>.kadence-column69_468b7c-7b > .kt-inside-inner-col,.kadence-column69_468b7c-7b > .kt-inside-inner-col:before{border-top-left-radius:0px;border-top-right-radius:0px;border-bottom-right-radius:0px;border-bottom-left-radius:0px;}.kadence-column69_468b7c-7b > .kt-inside-inner-col{column-gap:var(--global-kb-gap-sm, 1rem);}.kadence-column69_468b7c-7b > .kt-inside-inner-col{flex-direction:column;}.kadence-column69_468b7c-7b > .kt-inside-inner-col > .aligncenter{width:100%;}.kadence-column69_468b7c-7b > .kt-inside-inner-col:before{opacity:0.3;}.kadence-column69_468b7c-7b{position:relative;}@media all and (max-width: 1024px){.kadence-column69_468b7c-7b > .kt-inside-inner-col{flex-direction:column;justify-content:center;}}@media all and (max-width: 767px){.kadence-column69_468b7c-7b > .kt-inside-inner-col{flex-direction:column;justify-content:center;}}<\/style>\n<div class=\"wp-block-kadence-column kadence-column69_468b7c-7b\"><div class=\"kt-inside-inner-col\">\n<div class=\"wp-block-uagb-info-box uagb-block-bf8c0e5d uagb-infobox__content-wrap  uagb-infobox-icon-above-title uagb-infobox-image-valign-top\"><div class=\"uagb-ifb-content\"><div class=\"uagb-ifb-icon-wrap\"><svg xmlns=\"https:\/\/www.w3.org\/2000\/svg\" viewbox=\"0 0 512 512\"><path d=\"M0 256C0 114.6 114.6 0 256 0C397.4 0 512 114.6 512 256C512 397.4 397.4 512 256 512C114.6 512 0 397.4 0 256zM371.8 211.8C382.7 200.9 382.7 183.1 371.8 172.2C360.9 161.3 343.1 161.3 332.2 172.2L224 280.4L179.8 236.2C168.9 225.3 151.1 225.3 140.2 236.2C129.3 247.1 129.3 264.9 140.2 275.8L204.2 339.8C215.1 350.7 232.9 350.7 243.8 339.8L371.8 211.8z\"><\/path><\/svg><\/div><div class=\"uagb-ifb-title-wrap\"><h3 class=\"uagb-ifb-title\">GTP EXPRESS<\/h3><\/div><p class=\"uagb-ifb-desc\">Recogida diaria antes de las 10:00 h en el \u00c1rea Metropolitana de Barcelona y entrega el mismo d\u00eda en Andorra.<\/p><\/div><\/div>\n\n\n\n<p><\/p>\n<\/div><\/div>\n\n\n<style>.kadence-column69_24cdca-d3 > .kt-inside-inner-col,.kadence-column69_24cdca-d3 > .kt-inside-inner-col:before{border-top-left-radius:0px;border-top-right-radius:0px;border-bottom-right-radius:0px;border-bottom-left-radius:0px;}.kadence-column69_24cdca-d3 > .kt-inside-inner-col{column-gap:var(--global-kb-gap-sm, 1rem);}.kadence-column69_24cdca-d3 > .kt-inside-inner-col{flex-direction:column;}.kadence-column69_24cdca-d3 > .kt-inside-inner-col > .aligncenter{width:100%;}.kadence-column69_24cdca-d3 > .kt-inside-inner-col:before{opacity:0.3;}.kadence-column69_24cdca-d3{position:relative;}@media all and (max-width: 1024px){.kadence-column69_24cdca-d3 > .kt-inside-inner-col{flex-direction:column;justify-content:center;}}@media all and (max-width: 767px){.kadence-column69_24cdca-d3 > .kt-inside-inner-col{flex-direction:column;justify-content:center;}}<\/style>\n<div class=\"wp-block-kadence-column kadence-column69_24cdca-d3\"><div class=\"kt-inside-inner-col\">\n<div class=\"wp-block-uagb-info-box uagb-block-4cda126e uagb-infobox__content-wrap  uagb-infobox-icon-above-title uagb-infobox-image-valign-top\"><div class=\"uagb-ifb-content\"><div class=\"uagb-ifb-icon-wrap\"><svg xmlns=\"https:\/\/www.w3.org\/2000\/svg\" viewbox=\"0 0 512 512\"><path d=\"M0 256C0 114.6 114.6 0 256 0C397.4 0 512 114.6 512 256C512 397.4 397.4 512 256 512C114.6 512 0 397.4 0 256zM371.8 211.8C382.7 200.9 382.7 183.1 371.8 172.2C360.9 161.3 343.1 161.3 332.2 172.2L224 280.4L179.8 236.2C168.9 225.3 151.1 225.3 140.2 236.2C129.3 247.1 129.3 264.9 140.2 275.8L204.2 339.8C215.1 350.7 232.9 350.7 243.8 339.8L371.8 211.8z\"><\/path><\/svg><\/div><div class=\"uagb-ifb-title-wrap\"><h3 class=\"uagb-ifb-title\">Transporte nacional<\/h3><\/div><p class=\"uagb-ifb-desc\">Distribuci\u00f3n en el Principado. Servicio a temperatura ambiente, refrigerada y congelada con entrega el mismo dia.<\/p><\/div><\/div>\n<\/div><\/div>\n\n\n<style>.kadence-column69_b13cd4-c0 > .kt-inside-inner-col,.kadence-column69_b13cd4-c0 > .kt-inside-inner-col:before{border-top-left-radius:0px;border-top-right-radius:0px;border-bottom-right-radius:0px;border-bottom-left-radius:0px;}.kadence-column69_b13cd4-c0 > .kt-inside-inner-col{column-gap:var(--global-kb-gap-sm, 1rem);}.kadence-column69_b13cd4-c0 > .kt-inside-inner-col{flex-direction:column;}.kadence-column69_b13cd4-c0 > .kt-inside-inner-col > .aligncenter{width:100%;}.kadence-column69_b13cd4-c0 > .kt-inside-inner-col:before{opacity:0.3;}.kadence-column69_b13cd4-c0{position:relative;}@media all and (max-width: 1024px){.kadence-column69_b13cd4-c0 > .kt-inside-inner-col{flex-direction:column;justify-content:center;}}@media all and (max-width: 767px){.kadence-column69_b13cd4-c0 > .kt-inside-inner-col{flex-direction:column;justify-content:center;}}<\/style>\n<div class=\"wp-block-kadence-column kadence-column69_b13cd4-c0\"><div class=\"kt-inside-inner-col\">\n<div class=\"wp-block-uagb-info-box uagb-block-48e89a99 uagb-infobox__content-wrap  uagb-infobox-icon-above-title uagb-infobox-image-valign-top\"><div class=\"uagb-ifb-content\"><div class=\"uagb-ifb-icon-wrap\"><svg xmlns=\"https:\/\/www.w3.org\/2000\/svg\" viewbox=\"0 0 512 512\"><path d=\"M0 256C0 114.6 114.6 0 256 0C397.4 0 512 114.6 512 256C512 397.4 397.4 512 256 512C114.6 512 0 397.4 0 256zM371.8 211.8C382.7 200.9 382.7 183.1 371.8 172.2C360.9 161.3 343.1 161.3 332.2 172.2L224 280.4L179.8 236.2C168.9 225.3 151.1 225.3 140.2 236.2C129.3 247.1 129.3 264.9 140.2 275.8L204.2 339.8C215.1 350.7 232.9 350.7 243.8 339.8L371.8 211.8z\"><\/path><\/svg><\/div><div class=\"uagb-ifb-title-wrap\"><h3 class=\"uagb-ifb-title\">Transporte internacional<\/h3><\/div><p class=\"uagb-ifb-desc\">Rutas 24\/72h en pen\u00ednsula y env\u00edos globales v\u00eda DSV. Transporte terrestre, mar\u00edtimo y a\u00e9reo bajo presupuesto.<\/p><\/div><\/div>\n<\/div><\/div>\n\n<\/div><\/div>\n\n<style>.kb-row-layout-id69_de005b-7f > .kt-row-column-wrap{align-content:start;}:where(.kb-row-layout-id69_de005b-7f > .kt-row-column-wrap) > .wp-block-kadence-column{justify-content:start;}.kb-row-layout-id69_de005b-7f > .kt-row-column-wrap{column-gap:var(--global-kb-gap-md, 2rem);row-gap:var(--global-kb-gap-md, 2rem);padding-top:var(--global-kb-spacing-sm, 1.5rem);padding-bottom:var(--global-kb-spacing-3xl, 6.5rem);}.kb-row-layout-id69_de005b-7f > .kt-row-column-wrap > div:not(.added-for-specificity){grid-column:initial;}.kb-row-layout-id69_de005b-7f > .kt-row-column-wrap{grid-template-columns:repeat(3, minmax(0, 1fr));}.kb-row-layout-id69_de005b-7f > .kt-row-layout-overlay{opacity:0.30;}@media all and (max-width: 1024px){.kb-row-layout-id69_de005b-7f > .kt-row-column-wrap > div:not(.added-for-specificity){grid-column:initial;}}@media all and (max-width: 1024px){.kb-row-layout-id69_de005b-7f > .kt-row-column-wrap{grid-template-columns:repeat(3, minmax(0, 1fr));}}@media all and (max-width: 767px){.kb-row-layout-id69_de005b-7f > .kt-row-column-wrap > div:not(.added-for-specificity){grid-column:initial;}.kb-row-layout-id69_de005b-7f > .kt-row-column-wrap{grid-template-columns:minmax(0, 1fr);}}<\/style><div class=\"kb-row-layout-wrap kb-row-layout-id69_de005b-7f alignnone wp-block-kadence-rowlayout\"><div class=\"kt-row-column-wrap kt-has-3-columns kt-row-layout-equal kt-tab-layout-inherit kt-mobile-layout-row kt-row-valign-top\">\n<style>.kadence-column69_1c5245-56 > .kt-inside-inner-col,.kadence-column69_1c5245-56 > .kt-inside-inner-col:before{border-top-left-radius:0px;border-top-right-radius:0px;border-bottom-right-radius:0px;border-bottom-left-radius:0px;}.kadence-column69_1c5245-56 > .kt-inside-inner-col{column-gap:var(--global-kb-gap-sm, 1rem);}.kadence-column69_1c5245-56 > .kt-inside-inner-col{flex-direction:column;}.kadence-column69_1c5245-56 > .kt-inside-inner-col > .aligncenter{width:100%;}.kadence-column69_1c5245-56 > .kt-inside-inner-col:before{opacity:0.3;}.kadence-column69_1c5245-56{position:relative;}@media all and (max-width: 1024px){.kadence-column69_1c5245-56 > .kt-inside-inner-col{flex-direction:column;justify-content:center;}}@media all and (max-width: 767px){.kadence-column69_1c5245-56 > .kt-inside-inner-col{flex-direction:column;justify-content:center;}}<\/style>\n<div class=\"wp-block-kadence-column kadence-column69_1c5245-56\"><div class=\"kt-inside-inner-col\">\n<div class=\"wp-block-uagb-info-box uagb-block-6c06b539 uagb-infobox__content-wrap  uagb-infobox-icon-above-title uagb-infobox-image-valign-top\"><div class=\"uagb-ifb-content\"><div class=\"uagb-ifb-icon-wrap\"><svg xmlns=\"https:\/\/www.w3.org\/2000\/svg\" viewbox=\"0 0 512 512\"><path d=\"M0 256C0 114.6 114.6 0 256 0C397.4 0 512 114.6 512 256C512 397.4 397.4 512 256 512C114.6 512 0 397.4 0 256zM371.8 211.8C382.7 200.9 382.7 183.1 371.8 172.2C360.9 161.3 343.1 161.3 332.2 172.2L224 280.4L179.8 236.2C168.9 225.3 151.1 225.3 140.2 236.2C129.3 247.1 129.3 264.9 140.2 275.8L204.2 339.8C215.1 350.7 232.9 350.7 243.8 339.8L371.8 211.8z\"><\/path><\/svg><\/div><div class=\"uagb-ifb-title-wrap\"><h3 class=\"uagb-ifb-title\">Almacenamiento<\/h3><\/div><p class=\"uagb-ifb-desc\">Espacio seguro para pal\u00e9s en nuestras instalaciones, con f\u00e1cil acceso y gesti\u00f3n eficiente.<\/p><\/div><\/div>\n<\/div><\/div>\n\n\n<style>.kadence-column69_4ff542-3f > .kt-inside-inner-col,.kadence-column69_4ff542-3f > .kt-inside-inner-col:before{border-top-left-radius:0px;border-top-right-radius:0px;border-bottom-right-radius:0px;border-bottom-left-radius:0px;}.kadence-column69_4ff542-3f > .kt-inside-inner-col{column-gap:var(--global-kb-gap-sm, 1rem);}.kadence-column69_4ff542-3f > .kt-inside-inner-col{flex-direction:column;}.kadence-column69_4ff542-3f > .kt-inside-inner-col > .aligncenter{width:100%;}.kadence-column69_4ff542-3f > .kt-inside-inner-col:before{opacity:0.3;}.kadence-column69_4ff542-3f{position:relative;}@media all and (max-width: 1024px){.kadence-column69_4ff542-3f > .kt-inside-inner-col{flex-direction:column;justify-content:center;}}@media all and (max-width: 767px){.kadence-column69_4ff542-3f > .kt-inside-inner-col{flex-direction:column;justify-content:center;}}<\/style>\n<div class=\"wp-block-kadence-column kadence-column69_4ff542-3f\"><div class=\"kt-inside-inner-col\">\n<div class=\"wp-block-uagb-info-box uagb-block-365cb114 uagb-infobox__content-wrap  uagb-infobox-icon-above-title uagb-infobox-image-valign-top\"><div class=\"uagb-ifb-content\"><div class=\"uagb-ifb-icon-wrap\"><svg xmlns=\"https:\/\/www.w3.org\/2000\/svg\" viewbox=\"0 0 512 512\"><path d=\"M0 256C0 114.6 114.6 0 256 0C397.4 0 512 114.6 512 256C512 397.4 397.4 512 256 512C114.6 512 0 397.4 0 256zM371.8 211.8C382.7 200.9 382.7 183.1 371.8 172.2C360.9 161.3 343.1 161.3 332.2 172.2L224 280.4L179.8 236.2C168.9 225.3 151.1 225.3 140.2 236.2C129.3 247.1 129.3 264.9 140.2 275.8L204.2 339.8C215.1 350.7 232.9 350.7 243.8 339.8L371.8 211.8z\"><\/path><\/svg><\/div><div class=\"uagb-ifb-title-wrap\"><h3 class=\"uagb-ifb-title\">Transporte a temperatura controlada<\/h3><\/div><p class=\"uagb-ifb-desc\">Con operador especializado. Recogidas en Espa\u00f1a y Portugal en 48-72h.<\/p><\/div><\/div>\n<\/div><\/div>\n\n\n<style>.kadence-column69_b602c9-ab > .kt-inside-inner-col,.kadence-column69_b602c9-ab > .kt-inside-inner-col:before{border-top-left-radius:0px;border-top-right-radius:0px;border-bottom-right-radius:0px;border-bottom-left-radius:0px;}.kadence-column69_b602c9-ab > .kt-inside-inner-col{column-gap:var(--global-kb-gap-sm, 1rem);}.kadence-column69_b602c9-ab > .kt-inside-inner-col{flex-direction:column;}.kadence-column69_b602c9-ab > .kt-inside-inner-col > .aligncenter{width:100%;}.kadence-column69_b602c9-ab > .kt-inside-inner-col:before{opacity:0.3;}.kadence-column69_b602c9-ab{position:relative;}@media all and (max-width: 1024px){.kadence-column69_b602c9-ab > .kt-inside-inner-col{flex-direction:column;justify-content:center;}}@media all and (max-width: 767px){.kadence-column69_b602c9-ab > .kt-inside-inner-col{flex-direction:column;justify-content:center;}}<\/style>\n<div class=\"wp-block-kadence-column kadence-column69_b602c9-ab\"><div class=\"kt-inside-inner-col\">\n<div class=\"wp-block-uagb-info-box uagb-block-0d8fbd1a uagb-infobox__content-wrap  uagb-infobox-icon-above-title uagb-infobox-image-valign-top\"><div class=\"uagb-ifb-content\"><div class=\"uagb-ifb-icon-wrap\"><svg xmlns=\"https:\/\/www.w3.org\/2000\/svg\" viewbox=\"0 0 512 512\"><path d=\"M0 256C0 114.6 114.6 0 256 0C397.4 0 512 114.6 512 256C512 397.4 397.4 512 256 512C114.6 512 0 397.4 0 256zM371.8 211.8C382.7 200.9 382.7 183.1 371.8 172.2C360.9 161.3 343.1 161.3 332.2 172.2L224 280.4L179.8 236.2C168.9 225.3 151.1 225.3 140.2 236.2C129.3 247.1 129.3 264.9 140.2 275.8L204.2 339.8C215.1 350.7 232.9 350.7 243.8 339.8L371.8 211.8z\"><\/path><\/svg><\/div><div class=\"uagb-ifb-title-wrap\"><h3 class=\"uagb-ifb-title\">Tramitaciones aduaneras<\/h3><\/div><p class=\"uagb-ifb-desc\">Gesti\u00f3n propia de importaciones y exportaciones desde Sant Juli\u00e0 y La Farga. Trato \u00e1gil y personalizado.<\/p><\/div><\/div>\n<\/div><\/div>\n\n<\/div><\/div>\n\n<style>.kb-row-layout-id69_c25ace-f3 > .kt-row-column-wrap{align-content:start;}:where(.kb-row-layout-id69_c25ace-f3 > .kt-row-column-wrap) > .wp-block-kadence-column{justify-content:start;}.kb-row-layout-id69_c25ace-f3 > .kt-row-column-wrap{column-gap:var(--global-kb-gap-md, 2rem);row-gap:var(--global-kb-gap-md, 2rem);padding-top:var(--global-kb-spacing-sm, 1.5rem);padding-bottom:var(--global-kb-spacing-sm, 1.5rem);grid-template-columns:minmax(0, 1fr);}.kb-row-layout-id69_c25ace-f3 > .kt-row-layout-overlay{opacity:0.30;}@media all and (max-width: 1024px){.kb-row-layout-id69_c25ace-f3 > .kt-row-column-wrap{grid-template-columns:minmax(0, 1fr);}}@media all and (max-width: 767px){.kb-row-layout-id69_c25ace-f3 > .kt-row-column-wrap{grid-template-columns:minmax(0, 1fr);}}<\/style><div class=\"kb-row-layout-wrap kb-row-layout-id69_c25ace-f3 alignnone wp-block-kadence-rowlayout\"><div class=\"kt-row-column-wrap kt-has-1-columns kt-row-layout-equal kt-tab-layout-inherit kt-mobile-layout-row kt-row-valign-top\">\n<style>.kadence-column69_7484ae-a3 > .kt-inside-inner-col,.kadence-column69_7484ae-a3 > .kt-inside-inner-col:before{border-top-left-radius:0px;border-top-right-radius:0px;border-bottom-right-radius:0px;border-bottom-left-radius:0px;}.kadence-column69_7484ae-a3 > .kt-inside-inner-col{column-gap:var(--global-kb-gap-sm, 1rem);}.kadence-column69_7484ae-a3 > .kt-inside-inner-col{flex-direction:column;}.kadence-column69_7484ae-a3 > .kt-inside-inner-col > .aligncenter{width:100%;}.kadence-column69_7484ae-a3 > .kt-inside-inner-col:before{opacity:0.3;}.kadence-column69_7484ae-a3{position:relative;}@media all and (max-width: 1024px){.kadence-column69_7484ae-a3 > .kt-inside-inner-col{flex-direction:column;justify-content:center;}}@media all and (max-width: 767px){.kadence-column69_7484ae-a3 > .kt-inside-inner-col{flex-direction:column;justify-content:center;}}<\/style>\n<div class=\"wp-block-kadence-column kadence-column69_7484ae-a3\"><div class=\"kt-inside-inner-col\">\n<div class=\"wp-block-uagb-info-box uagb-block-1f2e2703 uagb-infobox__content-wrap  uagb-infobox-icon-above-title uagb-infobox-image-valign-top\"><div class=\"uagb-ifb-content\"><div class=\"uagb-ifb-icon-wrap\"><svg xmlns=\"https:\/\/www.w3.org\/2000\/svg\" viewbox=\"0 0 512 512\"><path d=\"M0 256C0 114.6 114.6 0 256 0C397.4 0 512 114.6 512 256C512 397.4 397.4 512 256 512C114.6 512 0 397.4 0 256zM371.8 211.8C382.7 200.9 382.7 183.1 371.8 172.2C360.9 161.3 343.1 161.3 332.2 172.2L224 280.4L179.8 236.2C168.9 225.3 151.1 225.3 140.2 236.2C129.3 247.1 129.3 264.9 140.2 275.8L204.2 339.8C215.1 350.7 232.9 350.7 243.8 339.8L371.8 211.8z\"><\/path><\/svg><\/div><div class=\"uagb-ifb-title-wrap\"><h3 class=\"uagb-ifb-title\">Consignaci\u00f3n de mercanc\u00edas<\/h3><\/div><p class=\"uagb-ifb-desc\">Puntos de recogida y env\u00edo a BCN y La Farga para mercanc\u00edas con destino a Andorra.<\/p><\/div><\/div>\n<\/div><\/div>\n\n<\/div><\/div>\n\n\n<p><\/p>","protected":false},"excerpt":{"rendered":"","protected":false},"author":1,"featured_media":0,"parent":0,"menu_order":0,"comment_status":"closed","ping_status":"closed","template":"","meta":{"_uag_custom_page_level_css":"","neve_meta_sidebar":"full-width","neve_meta_container":"","neve_meta_enable_content_width":"on","neve_meta_content_width":100,"neve_meta_title_alignment":"","neve_meta_author_avatar":"","neve_post_elements_order":"","neve_meta_disable_header":"","neve_meta_disable_footer":"","neve_meta_disable_title":"on","_themeisle_gutenberg_block_has_review":false,"footnotes":""},"class_list":["post-69","page","type-page","status-publish","hentry"],"uagb_featured_image_src":{"full":false,"thumbnail":false,"medium":false,"medium_large":false,"large":false,"1536x1536":false,"2048x2048":false,"trp-custom-language-flag":false,"neve-blog":false},"uagb_author_info":{"display_name":"Administrador","author_link":"https:\/\/www.gtpaq.com\/es\/author\/administrador\/"},"uagb_comment_info":0,"uagb_excerpt":null,"_links":{"self":[{"href":"https:\/\/www.gtpaq.com\/es\/wp-json\/wp\/v2\/pages\/69","targetHints":{"allow":["GET"]}}],"collection":[{"href":"https:\/\/www.gtpaq.com\/es\/wp-json\/wp\/v2\/pages"}],"about":[{"href":"https:\/\/www.gtpaq.com\/es\/wp-json\/wp\/v2\/types\/page"}],"author":[{"embeddable":true,"href":"https:\/\/www.gtpaq.com\/es\/wp-json\/wp\/v2\/users\/1"}],"replies":[{"embeddable":true,"href":"https:\/\/www.gtpaq.com\/es\/wp-json\/wp\/v2\/comments?post=69"}],"version-history":[{"count":10,"href":"https:\/\/www.gtpaq.com\/es\/wp-json\/wp\/v2\/pages\/69\/revisions"}],"predecessor-version":[{"id":1067,"href":"https:\/\/www.gtpaq.com\/es\/wp-json\/wp\/v2\/pages\/69\/revisions\/1067"}],"wp:attachment":[{"href":"https:\/\/www.gtpaq.com\/es\/wp-json\/wp\/v2\/media?parent=69"}],"curies":[{"name":"wp","href":"https:\/\/api.w.org\/{rel}","templated":true}]}}