{"id":61,"date":"2020-01-23T18:21:52","date_gmt":"2020-01-23T18:21:52","guid":{"rendered":"https:\/\/demosites.io\/marketing-agency-gb\/?page_id=61"},"modified":"2025-04-22T13:40:23","modified_gmt":"2025-04-22T13:40:23","slug":"sobre-nosaltres","status":"publish","type":"page","link":"https:\/\/www.gtpaq.com\/es\/sobre-nosaltres\/","title":{"rendered":"SOBRE NOSALTRES"},"content":{"rendered":"<div class=\"wp-block-cover alignfull\" style=\"min-height:167px;aspect-ratio:unset;\"><span aria-hidden=\"true\" class=\"wp-block-cover__background has-nv-site-bg-background-color has-background-dim-100 has-background-dim\"><\/span><div class=\"wp-block-cover__inner-container is-layout-flow wp-block-cover-is-layout-flow\">\n<div class=\"wp-block-group\" style=\"padding-right:var(--wp--preset--spacing--30);padding-left:var(--wp--preset--spacing--30)\"><div class=\"wp-block-group__inner-container is-layout-flow wp-block-group-is-layout-flow\">\n<h1 class=\"wp-block-heading has-text-align-left has-neve-text-color-color has-text-color\">Sobre Nosotros<\/h1>\n<\/div><\/div>\n<\/div><\/div>\n\n\n\n<div class=\"wp-block-cover alignfull\" style=\"padding-top:var(--wp--preset--spacing--80);padding-bottom:var(--wp--preset--spacing--80);min-height:600px;aspect-ratio:unset;\"><span aria-hidden=\"true\" class=\"wp-block-cover__background has-nv-light-bg-background-color has-background-dim-100 has-background-dim\"><\/span><div class=\"wp-block-cover__inner-container is-layout-flow wp-block-cover-is-layout-flow\">\n<div class=\"wp-block-group\"><div class=\"wp-block-group__inner-container is-layout-flow wp-block-group-is-layout-flow\">\n<div class=\"wp-block-columns are-vertically-aligned-center has-neve-text-color-color has-text-color is-layout-flex wp-container-core-columns-is-layout-9d6595d7 wp-block-columns-is-layout-flex\">\n<div class=\"wp-block-column is-vertically-aligned-center is-layout-flow wp-block-column-is-layout-flow\" style=\"padding-right:var(--wp--preset--spacing--30);padding-left:var(--wp--preset--spacing--30);flex-basis:50%\">\n<figure class=\"wp-block-image size-full is-resized has-custom-border wp-duotone-grayscale\"><img loading=\"lazy\" decoding=\"async\" width=\"1707\" height=\"2560\" src=\"http:\/\/www.gtpaq.com\/wp-content\/uploads\/2025\/04\/DSC00939-edited-scaled.jpg\" alt=\"\" class=\"wp-image-1052\" style=\"border-radius:16px;width:470px;height:auto\" srcset=\"https:\/\/www.gtpaq.com\/wp-content\/uploads\/2025\/04\/DSC00939-edited-scaled.jpg 1707w, https:\/\/www.gtpaq.com\/wp-content\/uploads\/2025\/04\/DSC00939-edited-200x300.jpg 200w, https:\/\/www.gtpaq.com\/wp-content\/uploads\/2025\/04\/DSC00939-edited-683x1024.jpg 683w, https:\/\/www.gtpaq.com\/wp-content\/uploads\/2025\/04\/DSC00939-edited-768x1152.jpg 768w, https:\/\/www.gtpaq.com\/wp-content\/uploads\/2025\/04\/DSC00939-edited-1024x1536.jpg 1024w, https:\/\/www.gtpaq.com\/wp-content\/uploads\/2025\/04\/DSC00939-edited-1366x2048.jpg 1366w\" sizes=\"auto, (max-width: 1707px) 100vw, 1707px\" \/><\/figure>\n<\/div>\n\n\n\n<div class=\"wp-block-column is-vertically-aligned-center is-layout-flow wp-block-column-is-layout-flow\" style=\"padding-top:0;padding-right:var(--wp--preset--spacing--30);padding-bottom:0;padding-left:var(--wp--preset--spacing--30);flex-basis:50%\">\n<h2 class=\"wp-block-heading has-neve-text-color-color has-text-color\">\u00bfQui\u00e9nes somos?<\/h2>\n\n\n\n<p class=\"has-neve-text-color-color has-text-color\"><strong>Tu log\u00edstica sin fronteras<\/strong><\/p>\n\n\n\n<p>En GTP ANDORRA somos especialistas en transporte y paqueter\u00eda desde 1999. Nacimos con un claro objetivo: ofrecer soluciones log\u00edsticas \u00e1giles, seguras y adaptadas a las necesidades de los comercios andorranos.<\/p>\n\n\n\n<p>Con m\u00e1s de 20 a\u00f1os de experiencia, nos hemos consolidado como un partner de confianza gracias a una estructura profesional y un servicio de proximidad que se adapta a cada cliente. Apostamos por la rapidez, la flexibilidad y la eficiencia como valores clave.<\/p>\n\n\n\n<p>Realizamos recogidas diarias en el \u00e1rea metropolitana de Barcelona, \u200b\u200bmensajer\u00eda urgente en la pen\u00ednsula y disponemos de una fuerte presencia en el mercado andorrano.<\/p>\n\n\n\n<p>Ofrecemos soluciones log\u00edsticas a medida con un equipo altamente calificado, para que cada env\u00edo llegue a tiempo y en perfectas condiciones.<\/p>\n\n\n\n<p class=\"has-neve-text-color-color has-text-color\"><strong>Conectamos negocios. Impulsamos resultados. Somos GTP ANDORRA.<\/strong><\/p>\n<\/div>\n<\/div>\n<\/div><\/div>\n<\/div><\/div>\n\n\n\n<div class=\"wp-block-cover alignfull\" style=\"padding-top:var(--wp--preset--spacing--80);padding-bottom:var(--wp--preset--spacing--80);min-height:600px;aspect-ratio:unset;\"><span aria-hidden=\"true\" class=\"wp-block-cover__background has-nv-dark-bg-background-color has-background-dim-100 has-background-dim\"><\/span><div class=\"wp-block-cover__inner-container is-layout-flow wp-block-cover-is-layout-flow\">\n<div class=\"wp-block-group\"><div class=\"wp-block-group__inner-container is-layout-flow wp-block-group-is-layout-flow\">\n<div class=\"wp-block-columns are-vertically-aligned-center is-layout-flex wp-container-core-columns-is-layout-9d6595d7 wp-block-columns-is-layout-flex\">\n<div class=\"wp-block-column is-vertically-aligned-center is-layout-flow wp-block-column-is-layout-flow\" style=\"padding-right:var(--wp--preset--spacing--30);padding-left:var(--wp--preset--spacing--30);flex-basis:50%\">\n<h2 class=\"wp-block-heading has-nv-text-dark-bg-color has-text-color\">Nos gu\u00edan los valores<\/h2>\n\n\n\n<p class=\"has-nv-text-dark-bg-color has-text-color\">En GTP ANDORRA trabajamos desde el compromiso, la confianza y la proximidad. Estos son los valores que definen qui\u00e9nes somos y c\u00f3mo trabajamos:<\/p>\n\n\n\n<ul class=\"wp-block-list\">\n<li><strong>Proximidad real<\/strong><br>Trato directo, humano y cercano. Escuchamos, entendemos y nos adaptamos a cada cliente como \u00fanico.<\/li>\n\n\n\n<li><strong>Rapidez y eficacia<\/strong><br>Ofrecemos soluciones \u00e1giles y eficientes para que cada env\u00edo llegue cuando toca, c\u00f3mo toca.<\/li>\n\n\n\n<li><strong>Flexibilidad<\/strong><br>Sabemos que no existen dos empresas iguales. Nos adaptamos a tus necesidades con servicios a medida.<\/li>\n\n\n\n<li><strong>Confianza y responsabilidad<\/strong><br>Llevamos m\u00e1s de 20 a\u00f1os siendo un aliado fiable para negocios de todos los sectores. Cumplimos lo que prometemos.<\/li>\n\n\n\n<li><strong>Profesionalidad<\/strong><br>Un equipo experimentado y comprometido, preparado para dar respuesta r\u00e1pida y efectiva a cualquier desaf\u00edo log\u00edstico.<\/li>\n<\/ul>\n\n\n\n<p class=\"has-nv-text-dark-bg-color has-text-color\"><strong>Estos valores no son s\u00f3lo palabras: son la base de cada servicio que ofrecemos.<\/strong><\/p>\n\n\n\n<div style=\"height:20px\" aria-hidden=\"true\" class=\"wp-block-spacer\"><\/div>\n\n\n\n<div class=\"wp-block-buttons has-custom-font-size has-small-font-size is-content-justification-left is-layout-flex wp-container-core-buttons-is-layout-fdcfc74e wp-block-buttons-is-layout-flex\">\n<div class=\"wp-block-button is-style-default\"><a class=\"wp-block-button__link has-nv-text-dark-bg-color has-neve-link-color-background-color has-text-color has-background has-link-color has-custom-font-size wp-element-button\" href=\"http:\/\/www.gtpaq.com\/es\/portfolio-single\/\" style=\"font-size:16px\">\u00bfQuieres saber M\u00e1s?<\/a><\/div>\n<\/div>\n\n\n\n<div style=\"height:20px\" aria-hidden=\"true\" class=\"wp-block-spacer\"><\/div>\n<\/div>\n\n\n\n<div class=\"wp-block-column is-vertically-aligned-center is-layout-flow wp-block-column-is-layout-flow\" style=\"padding-right:var(--wp--preset--spacing--30);padding-left:var(--wp--preset--spacing--30);flex-basis:50%\">\n<figure class=\"wp-block-image size-full has-custom-border\"><img loading=\"lazy\" decoding=\"async\" width=\"1707\" height=\"2560\" src=\"http:\/\/www.gtpaq.com\/wp-content\/uploads\/2025\/04\/DSC00917-scaled.jpg\" alt=\"\" class=\"wp-image-1021\" style=\"border-radius:16px\" srcset=\"https:\/\/www.gtpaq.com\/wp-content\/uploads\/2025\/04\/DSC00917-scaled.jpg 1707w, https:\/\/www.gtpaq.com\/wp-content\/uploads\/2025\/04\/DSC00917-200x300.jpg 200w, https:\/\/www.gtpaq.com\/wp-content\/uploads\/2025\/04\/DSC00917-683x1024.jpg 683w, https:\/\/www.gtpaq.com\/wp-content\/uploads\/2025\/04\/DSC00917-768x1152.jpg 768w, https:\/\/www.gtpaq.com\/wp-content\/uploads\/2025\/04\/DSC00917-1024x1536.jpg 1024w, https:\/\/www.gtpaq.com\/wp-content\/uploads\/2025\/04\/DSC00917-1365x2048.jpg 1365w\" sizes=\"auto, (max-width: 1707px) 100vw, 1707px\" \/><\/figure>\n<\/div>\n<\/div>\n<\/div><\/div>\n<\/div><\/div>\n\n\n\n<div class=\"wp-block-cover alignfull\" style=\"padding-top:var(--wp--preset--spacing--80);padding-bottom:var(--wp--preset--spacing--80);min-height:600px;aspect-ratio:unset;\"><span aria-hidden=\"true\" class=\"wp-block-cover__background has-nv-light-bg-background-color has-background-dim-100 has-background-dim\"><\/span><div class=\"wp-block-cover__inner-container is-layout-flow wp-block-cover-is-layout-flow\">\n<div class=\"wp-block-group\"><div class=\"wp-block-group__inner-container is-layout-flow wp-block-group-is-layout-flow\">\n<div class=\"wp-block-columns has-nv-text-dark-bg-color has-neve-link-color-background-color has-text-color has-background has-link-color wp-elements-35d9eea5fbcfd27a1b35a2646a67467e is-layout-flex wp-container-core-columns-is-layout-54bf4747 wp-block-columns-is-layout-flex\" style=\"border-radius:24px;padding-top:var(--wp--preset--spacing--70);padding-right:var(--wp--preset--spacing--70);padding-bottom:var(--wp--preset--spacing--70);padding-left:var(--wp--preset--spacing--70)\">\n<div class=\"wp-block-column is-layout-flow wp-block-column-is-layout-flow\" style=\"flex-basis:100%\">\n<h2 class=\"wp-block-heading has-nv-text-dark-bg-color has-text-color has-link-color has-huge-font-size wp-elements-bc33fcac4f157c1b32b3e123bf56f567\">El primer paso<\/h2>\n\n\n\n<div class=\"wp-block-buttons is-layout-flex wp-block-buttons-is-layout-flex\">\n<div class=\"wp-block-button is-style-primary\"><a class=\"wp-block-button__link wp-element-button\" href=\"http:\/\/www.gtpaq.com\/es\/contacta-ns\/\" style=\"border-width:2px\">Cont\u00e1ctanos<\/a><\/div>\n<\/div>\n<\/div>\n\n\n\n<div class=\"wp-block-column is-layout-flow wp-block-column-is-layout-flow\" style=\"flex-basis:100%\">\n<p class=\"has-nv-text-dark-bg-color has-text-color has-link-color has-medium-font-size wp-elements-0a8b11e8e3435e77e45cc74fb434cf35\">Ahora que ya conoces nuestra historia, nos encantar\u00eda formar parte de la tuya. Tanto si tienes dudas como si necesitas una soluci\u00f3n log\u00edstica a medida, nuestro equipo est\u00e1 aqu\u00ed para escucharte y ayudarte.<\/p>\n<\/div>\n<\/div>\n<\/div><\/div>\n<\/div><\/div>","protected":false},"excerpt":{"rendered":"","protected":false},"author":1,"featured_media":0,"parent":0,"menu_order":0,"comment_status":"closed","ping_status":"closed","template":"","meta":{"_uag_custom_page_level_css":"","neve_meta_sidebar":"default","neve_meta_container":"default","neve_meta_enable_content_width":"on","neve_meta_content_width":100,"neve_meta_title_alignment":"","neve_meta_author_avatar":"","neve_post_elements_order":"","neve_meta_disable_header":"","neve_meta_disable_footer":"","neve_meta_disable_title":"on","_themeisle_gutenberg_block_has_review":false,"footnotes":""},"class_list":["post-61","page","type-page","status-publish","hentry"],"uagb_featured_image_src":{"full":false,"thumbnail":false,"medium":false,"medium_large":false,"large":false,"1536x1536":false,"2048x2048":false,"trp-custom-language-flag":false,"neve-blog":false},"uagb_author_info":{"display_name":"Administrador","author_link":"https:\/\/www.gtpaq.com\/es\/author\/administrador\/"},"uagb_comment_info":0,"uagb_excerpt":null,"_links":{"self":[{"href":"https:\/\/www.gtpaq.com\/es\/wp-json\/wp\/v2\/pages\/61","targetHints":{"allow":["GET"]}}],"collection":[{"href":"https:\/\/www.gtpaq.com\/es\/wp-json\/wp\/v2\/pages"}],"about":[{"href":"https:\/\/www.gtpaq.com\/es\/wp-json\/wp\/v2\/types\/page"}],"author":[{"embeddable":true,"href":"https:\/\/www.gtpaq.com\/es\/wp-json\/wp\/v2\/users\/1"}],"replies":[{"embeddable":true,"href":"https:\/\/www.gtpaq.com\/es\/wp-json\/wp\/v2\/comments?post=61"}],"version-history":[{"count":5,"href":"https:\/\/www.gtpaq.com\/es\/wp-json\/wp\/v2\/pages\/61\/revisions"}],"predecessor-version":[{"id":1123,"href":"https:\/\/www.gtpaq.com\/es\/wp-json\/wp\/v2\/pages\/61\/revisions\/1123"}],"wp:attachment":[{"href":"https:\/\/www.gtpaq.com\/es\/wp-json\/wp\/v2\/media?parent=61"}],"curies":[{"name":"wp","href":"https:\/\/api.w.org\/{rel}","templated":true}]}}